{"id":1726,"date":"2018-03-05T13:54:30","date_gmt":"2018-03-05T12:54:30","guid":{"rendered":"http:\/\/dabplus.de\/?page_id=1726"},"modified":"2025-12-16T17:02:53","modified_gmt":"2025-12-16T16:02:53","slug":"dab-zugang","status":"publish","type":"page","link":"https:\/\/dabplus.lu\/de\/dab-zugang\/","title":{"rendered":"DAB+ ZUGANG"},"content":{"rendered":"","protected":false},"excerpt":{"rendered":"","protected":false},"author":1,"featured_media":0,"parent":0,"menu_order":3,"comment_status":"closed","ping_status":"closed","template":"","meta":{"_acf_changed":false,"footnotes":""},"class_list":["post-1726","page","type-page","status-publish","hentry"],"acf":[],"yoast_head":"<!-- This site is optimized with the Yoast SEO plugin v26.6 - https:\/\/yoast.com\/wordpress\/plugins\/seo\/ -->\n<title>DAB+ Digitalradios f\u00fcr jede Nutzungssituation \/ DAB+ Mehr Radio<\/title>\n<meta name=\"description\" content=\"Mit DAB+ empfangen Sie Radio weiterhin \u00fcber Antenne, aber mit gr\u00f6\u00dferer Vielfalt, klarem Empfang und Zusatzdiensten via Text und Bild.\" \/>\n<meta name=\"robots\" content=\"index, follow, max-snippet:-1, max-image-preview:large, max-video-preview:-1\" \/>\n<link rel=\"canonical\" href=\"https:\/\/dabplus.lu\/de\/dab-zugang\/\" \/>\n<meta property=\"og:locale\" content=\"de_DE\" \/>\n<meta property=\"og:type\" content=\"article\" \/>\n<meta property=\"og:title\" content=\"DAB+ Digitalradios f\u00fcr jede Nutzungssituation \/ DAB+ Mehr Radio\" \/>\n<meta property=\"og:description\" content=\"Mit DAB+ empfangen Sie Radio weiterhin \u00fcber Antenne, aber mit gr\u00f6\u00dferer Vielfalt, klarem Empfang und Zusatzdiensten via Text und Bild.\" \/>\n<meta property=\"og:url\" content=\"https:\/\/dabplus.lu\/de\/dab-zugang\/\" \/>\n<meta property=\"og:site_name\" content=\"DAB+ Mehr Radio\" \/>\n<meta property=\"article:modified_time\" content=\"2025-12-16T16:02:53+00:00\" \/>\n<meta property=\"og:image\" content=\"https:\/\/dabplus.lu\/wp-content\/uploads\/2019\/07\/dabplus-logo-01-e1563956462598.jpg\" \/>\n\t<meta property=\"og:image:width\" content=\"1000\" \/>\n\t<meta property=\"og:image:height\" content=\"425\" \/>\n\t<meta property=\"og:image:type\" content=\"image\/jpeg\" \/>\n<meta name=\"twitter:card\" content=\"summary_large_image\" \/>\n<meta name=\"twitter:image\" content=\"https:\/\/dabplus.lu\/wp-content\/uploads\/2019\/07\/dabplus-logo-01-e1563956462598.jpg\" \/>\n<script type=\"application\/ld+json\" class=\"yoast-schema-graph\">{\"@context\":\"https:\/\/schema.org\",\"@graph\":[{\"@type\":\"WebPage\",\"@id\":\"https:\/\/dabplus.lu\/de\/dab-zugang\/\",\"url\":\"https:\/\/dabplus.lu\/de\/dab-zugang\/\",\"name\":\"DAB+ Digitalradios f\u00fcr jede Nutzungssituation \/ DAB+ Mehr Radio\",\"isPartOf\":{\"@id\":\"https:\/\/dabplus.lu\/de\/#website\"},\"datePublished\":\"2018-03-05T12:54:30+00:00\",\"dateModified\":\"2025-12-16T16:02:53+00:00\",\"description\":\"Mit DAB+ empfangen Sie Radio weiterhin \u00fcber Antenne, aber mit gr\u00f6\u00dferer Vielfalt, klarem Empfang und Zusatzdiensten via Text und Bild.\",\"breadcrumb\":{\"@id\":\"https:\/\/dabplus.lu\/de\/dab-zugang\/#breadcrumb\"},\"inLanguage\":\"de\",\"potentialAction\":[{\"@type\":\"ReadAction\",\"target\":[\"https:\/\/dabplus.lu\/de\/dab-zugang\/\"]}]},{\"@type\":\"BreadcrumbList\",\"@id\":\"https:\/\/dabplus.lu\/de\/dab-zugang\/#breadcrumb\",\"itemListElement\":[{\"@type\":\"ListItem\",\"position\":1,\"name\":\"Home\",\"item\":\"https:\/\/dabplus.lu\/de\/\"},{\"@type\":\"ListItem\",\"position\":2,\"name\":\"DAB+ ZUGANG\"}]},{\"@type\":\"WebSite\",\"@id\":\"https:\/\/dabplus.lu\/de\/#website\",\"url\":\"https:\/\/dabplus.lu\/de\/\",\"name\":\"DAB+ Mehr Radio\",\"description\":\"\",\"potentialAction\":[{\"@type\":\"SearchAction\",\"target\":{\"@type\":\"EntryPoint\",\"urlTemplate\":\"https:\/\/dabplus.lu\/de\/?s={search_term_string}\"},\"query-input\":{\"@type\":\"PropertyValueSpecification\",\"valueRequired\":true,\"valueName\":\"search_term_string\"}}],\"inLanguage\":\"de\"}]}<\/script>\n<!-- \/ Yoast SEO plugin. -->","yoast_head_json":{"title":"DAB+ Digitalradios f\u00fcr jede Nutzungssituation \/ DAB+ Mehr Radio","description":"Mit DAB+ empfangen Sie Radio weiterhin \u00fcber Antenne, aber mit gr\u00f6\u00dferer Vielfalt, klarem Empfang und Zusatzdiensten via Text und Bild.","robots":{"index":"index","follow":"follow","max-snippet":"max-snippet:-1","max-image-preview":"max-image-preview:large","max-video-preview":"max-video-preview:-1"},"canonical":"https:\/\/dabplus.lu\/de\/dab-zugang\/","og_locale":"de_DE","og_type":"article","og_title":"DAB+ Digitalradios f\u00fcr jede Nutzungssituation \/ DAB+ Mehr Radio","og_description":"Mit DAB+ empfangen Sie Radio weiterhin \u00fcber Antenne, aber mit gr\u00f6\u00dferer Vielfalt, klarem Empfang und Zusatzdiensten via Text und Bild.","og_url":"https:\/\/dabplus.lu\/de\/dab-zugang\/","og_site_name":"DAB+ Mehr Radio","article_modified_time":"2025-12-16T16:02:53+00:00","og_image":[{"width":1000,"height":425,"url":"https:\/\/dabplus.lu\/wp-content\/uploads\/2019\/07\/dabplus-logo-01-e1563956462598.jpg","type":"image\/jpeg"}],"twitter_card":"summary_large_image","twitter_image":"https:\/\/dabplus.lu\/wp-content\/uploads\/2019\/07\/dabplus-logo-01-e1563956462598.jpg","schema":{"@context":"https:\/\/schema.org","@graph":[{"@type":"WebPage","@id":"https:\/\/dabplus.lu\/de\/dab-zugang\/","url":"https:\/\/dabplus.lu\/de\/dab-zugang\/","name":"DAB+ Digitalradios f\u00fcr jede Nutzungssituation \/ DAB+ Mehr Radio","isPartOf":{"@id":"https:\/\/dabplus.lu\/de\/#website"},"datePublished":"2018-03-05T12:54:30+00:00","dateModified":"2025-12-16T16:02:53+00:00","description":"Mit DAB+ empfangen Sie Radio weiterhin \u00fcber Antenne, aber mit gr\u00f6\u00dferer Vielfalt, klarem Empfang und Zusatzdiensten via Text und Bild.","breadcrumb":{"@id":"https:\/\/dabplus.lu\/de\/dab-zugang\/#breadcrumb"},"inLanguage":"de","potentialAction":[{"@type":"ReadAction","target":["https:\/\/dabplus.lu\/de\/dab-zugang\/"]}]},{"@type":"BreadcrumbList","@id":"https:\/\/dabplus.lu\/de\/dab-zugang\/#breadcrumb","itemListElement":[{"@type":"ListItem","position":1,"name":"Home","item":"https:\/\/dabplus.lu\/de\/"},{"@type":"ListItem","position":2,"name":"DAB+ ZUGANG"}]},{"@type":"WebSite","@id":"https:\/\/dabplus.lu\/de\/#website","url":"https:\/\/dabplus.lu\/de\/","name":"DAB+ Mehr Radio","description":"","potentialAction":[{"@type":"SearchAction","target":{"@type":"EntryPoint","urlTemplate":"https:\/\/dabplus.lu\/de\/?s={search_term_string}"},"query-input":{"@type":"PropertyValueSpecification","valueRequired":true,"valueName":"search_term_string"}}],"inLanguage":"de"}]}},"_links":{"self":[{"href":"https:\/\/dabplus.lu\/de\/wp-json\/wp\/v2\/pages\/1726","targetHints":{"allow":["GET"]}}],"collection":[{"href":"https:\/\/dabplus.lu\/de\/wp-json\/wp\/v2\/pages"}],"about":[{"href":"https:\/\/dabplus.lu\/de\/wp-json\/wp\/v2\/types\/page"}],"author":[{"embeddable":true,"href":"https:\/\/dabplus.lu\/de\/wp-json\/wp\/v2\/users\/1"}],"replies":[{"embeddable":true,"href":"https:\/\/dabplus.lu\/de\/wp-json\/wp\/v2\/comments?post=1726"}],"version-history":[{"count":12,"href":"https:\/\/dabplus.lu\/de\/wp-json\/wp\/v2\/pages\/1726\/revisions"}],"predecessor-version":[{"id":20204,"href":"https:\/\/dabplus.lu\/de\/wp-json\/wp\/v2\/pages\/1726\/revisions\/20204"}],"wp:attachment":[{"href":"https:\/\/dabplus.lu\/de\/wp-json\/wp\/v2\/media?parent=1726"}],"curies":[{"name":"wp","href":"https:\/\/api.w.org\/{rel}","templated":true}]}}