{"id":19720,"date":"2018-03-05T13:54:30","date_gmt":"2018-03-05T12:54:30","guid":{"rendered":"https:\/\/dabplus.lu\/radios\/"},"modified":"2025-12-16T17:00:50","modified_gmt":"2025-12-16T16:00:50","slug":"dab-access","status":"publish","type":"page","link":"https:\/\/dabplus.lu\/en\/dab-access\/","title":{"rendered":"DAB+ ACCESS"},"content":{"rendered":"","protected":false},"excerpt":{"rendered":"","protected":false},"author":1,"featured_media":0,"parent":0,"menu_order":3,"comment_status":"closed","ping_status":"closed","template":"","meta":{"_acf_changed":false,"footnotes":""},"class_list":["post-19720","page","type-page","status-publish","hentry"],"acf":[],"yoast_head":"<!-- This site is optimized with the Yoast SEO plugin v26.6 - https:\/\/yoast.com\/wordpress\/plugins\/seo\/ -->\n<title>DAB+ Digitalradios f\u00fcr jede Nutzungssituation \/ DAB+ Mehr Radio<\/title>\n<meta name=\"description\" content=\"Mit DAB+ empfangen Sie Radio weiterhin \u00fcber Antenne, aber mit gr\u00f6\u00dferer Vielfalt, klarem Empfang und Zusatzdiensten via Text und Bild.\" \/>\n<meta name=\"robots\" content=\"index, follow, max-snippet:-1, max-image-preview:large, max-video-preview:-1\" \/>\n<link rel=\"canonical\" href=\"https:\/\/dabplus.lu\/en\/dab-access\/\" \/>\n<meta property=\"og:locale\" content=\"en_US\" \/>\n<meta property=\"og:type\" content=\"article\" \/>\n<meta property=\"og:title\" content=\"DAB+ Digitalradios f\u00fcr jede Nutzungssituation \/ DAB+ Mehr Radio\" \/>\n<meta property=\"og:description\" content=\"Mit DAB+ empfangen Sie Radio weiterhin \u00fcber Antenne, aber mit gr\u00f6\u00dferer Vielfalt, klarem Empfang und Zusatzdiensten via Text und Bild.\" \/>\n<meta property=\"og:url\" content=\"https:\/\/dabplus.lu\/en\/dab-access\/\" \/>\n<meta property=\"og:site_name\" content=\"DAB+ Mehr Radio\" \/>\n<meta property=\"article:modified_time\" content=\"2025-12-16T16:00:50+00:00\" \/>\n<meta property=\"og:image\" content=\"https:\/\/dabplus.lu\/wp-content\/uploads\/2019\/07\/dabplus-logo-01-e1563956462598.jpg\" \/>\n\t<meta property=\"og:image:width\" content=\"1000\" \/>\n\t<meta property=\"og:image:height\" content=\"425\" \/>\n\t<meta property=\"og:image:type\" content=\"image\/jpeg\" \/>\n<meta name=\"twitter:card\" content=\"summary_large_image\" \/>\n<meta name=\"twitter:image\" content=\"https:\/\/dabplus.lu\/wp-content\/uploads\/2019\/07\/dabplus-logo-01-e1563956462598.jpg\" \/>\n<script type=\"application\/ld+json\" class=\"yoast-schema-graph\">{\"@context\":\"https:\/\/schema.org\",\"@graph\":[{\"@type\":\"WebPage\",\"@id\":\"https:\/\/dabplus.lu\/en\/dab-access\/\",\"url\":\"https:\/\/dabplus.lu\/en\/dab-access\/\",\"name\":\"DAB+ Digitalradios f\u00fcr jede Nutzungssituation \/ DAB+ Mehr Radio\",\"isPartOf\":{\"@id\":\"https:\/\/dabplus.lu\/en\/#website\"},\"datePublished\":\"2018-03-05T12:54:30+00:00\",\"dateModified\":\"2025-12-16T16:00:50+00:00\",\"description\":\"Mit DAB+ empfangen Sie Radio weiterhin \u00fcber Antenne, aber mit gr\u00f6\u00dferer Vielfalt, klarem Empfang und Zusatzdiensten via Text und Bild.\",\"breadcrumb\":{\"@id\":\"https:\/\/dabplus.lu\/en\/dab-access\/#breadcrumb\"},\"inLanguage\":\"en-US\",\"potentialAction\":[{\"@type\":\"ReadAction\",\"target\":[\"https:\/\/dabplus.lu\/en\/dab-access\/\"]}]},{\"@type\":\"BreadcrumbList\",\"@id\":\"https:\/\/dabplus.lu\/en\/dab-access\/#breadcrumb\",\"itemListElement\":[{\"@type\":\"ListItem\",\"position\":1,\"name\":\"Home\",\"item\":\"https:\/\/dabplus.lu\/en\/home-page-front-page\/\"},{\"@type\":\"ListItem\",\"position\":2,\"name\":\"DAB+ ACCESS\"}]},{\"@type\":\"WebSite\",\"@id\":\"https:\/\/dabplus.lu\/en\/#website\",\"url\":\"https:\/\/dabplus.lu\/en\/\",\"name\":\"DAB+ Mehr Radio\",\"description\":\"\",\"potentialAction\":[{\"@type\":\"SearchAction\",\"target\":{\"@type\":\"EntryPoint\",\"urlTemplate\":\"https:\/\/dabplus.lu\/en\/?s={search_term_string}\"},\"query-input\":{\"@type\":\"PropertyValueSpecification\",\"valueRequired\":true,\"valueName\":\"search_term_string\"}}],\"inLanguage\":\"en-US\"}]}<\/script>\n<!-- \/ Yoast SEO plugin. -->","yoast_head_json":{"title":"DAB+ Digitalradios f\u00fcr jede Nutzungssituation \/ DAB+ Mehr Radio","description":"Mit DAB+ empfangen Sie Radio weiterhin \u00fcber Antenne, aber mit gr\u00f6\u00dferer Vielfalt, klarem Empfang und Zusatzdiensten via Text und Bild.","robots":{"index":"index","follow":"follow","max-snippet":"max-snippet:-1","max-image-preview":"max-image-preview:large","max-video-preview":"max-video-preview:-1"},"canonical":"https:\/\/dabplus.lu\/en\/dab-access\/","og_locale":"en_US","og_type":"article","og_title":"DAB+ Digitalradios f\u00fcr jede Nutzungssituation \/ DAB+ Mehr Radio","og_description":"Mit DAB+ empfangen Sie Radio weiterhin \u00fcber Antenne, aber mit gr\u00f6\u00dferer Vielfalt, klarem Empfang und Zusatzdiensten via Text und Bild.","og_url":"https:\/\/dabplus.lu\/en\/dab-access\/","og_site_name":"DAB+ Mehr Radio","article_modified_time":"2025-12-16T16:00:50+00:00","og_image":[{"width":1000,"height":425,"url":"https:\/\/dabplus.lu\/wp-content\/uploads\/2019\/07\/dabplus-logo-01-e1563956462598.jpg","type":"image\/jpeg"}],"twitter_card":"summary_large_image","twitter_image":"https:\/\/dabplus.lu\/wp-content\/uploads\/2019\/07\/dabplus-logo-01-e1563956462598.jpg","schema":{"@context":"https:\/\/schema.org","@graph":[{"@type":"WebPage","@id":"https:\/\/dabplus.lu\/en\/dab-access\/","url":"https:\/\/dabplus.lu\/en\/dab-access\/","name":"DAB+ Digitalradios f\u00fcr jede Nutzungssituation \/ DAB+ Mehr Radio","isPartOf":{"@id":"https:\/\/dabplus.lu\/en\/#website"},"datePublished":"2018-03-05T12:54:30+00:00","dateModified":"2025-12-16T16:00:50+00:00","description":"Mit DAB+ empfangen Sie Radio weiterhin \u00fcber Antenne, aber mit gr\u00f6\u00dferer Vielfalt, klarem Empfang und Zusatzdiensten via Text und Bild.","breadcrumb":{"@id":"https:\/\/dabplus.lu\/en\/dab-access\/#breadcrumb"},"inLanguage":"en-US","potentialAction":[{"@type":"ReadAction","target":["https:\/\/dabplus.lu\/en\/dab-access\/"]}]},{"@type":"BreadcrumbList","@id":"https:\/\/dabplus.lu\/en\/dab-access\/#breadcrumb","itemListElement":[{"@type":"ListItem","position":1,"name":"Home","item":"https:\/\/dabplus.lu\/en\/home-page-front-page\/"},{"@type":"ListItem","position":2,"name":"DAB+ ACCESS"}]},{"@type":"WebSite","@id":"https:\/\/dabplus.lu\/en\/#website","url":"https:\/\/dabplus.lu\/en\/","name":"DAB+ Mehr Radio","description":"","potentialAction":[{"@type":"SearchAction","target":{"@type":"EntryPoint","urlTemplate":"https:\/\/dabplus.lu\/en\/?s={search_term_string}"},"query-input":{"@type":"PropertyValueSpecification","valueRequired":true,"valueName":"search_term_string"}}],"inLanguage":"en-US"}]}},"_links":{"self":[{"href":"https:\/\/dabplus.lu\/en\/wp-json\/wp\/v2\/pages\/19720","targetHints":{"allow":["GET"]}}],"collection":[{"href":"https:\/\/dabplus.lu\/en\/wp-json\/wp\/v2\/pages"}],"about":[{"href":"https:\/\/dabplus.lu\/en\/wp-json\/wp\/v2\/types\/page"}],"author":[{"embeddable":true,"href":"https:\/\/dabplus.lu\/en\/wp-json\/wp\/v2\/users\/1"}],"replies":[{"embeddable":true,"href":"https:\/\/dabplus.lu\/en\/wp-json\/wp\/v2\/comments?post=19720"}],"version-history":[{"count":6,"href":"https:\/\/dabplus.lu\/en\/wp-json\/wp\/v2\/pages\/19720\/revisions"}],"predecessor-version":[{"id":20203,"href":"https:\/\/dabplus.lu\/en\/wp-json\/wp\/v2\/pages\/19720\/revisions\/20203"}],"wp:attachment":[{"href":"https:\/\/dabplus.lu\/en\/wp-json\/wp\/v2\/media?parent=19720"}],"curies":[{"name":"wp","href":"https:\/\/api.w.org\/{rel}","templated":true}]}}