{"id":19832,"date":"2018-04-16T10:27:59","date_gmt":"2018-04-16T08:27:59","guid":{"rendered":"https:\/\/dabplus.lu\/haaptseit-virseite\/"},"modified":"2018-04-16T10:27:59","modified_gmt":"2018-04-16T08:27:59","slug":"haaptseit-virseite","status":"publish","type":"page","link":"https:\/\/dabplus.lu\/lu\/","title":{"rendered":"Haaptseit\/Virseite"},"content":{"rendered":"","protected":false},"excerpt":{"rendered":"","protected":false},"author":1,"featured_media":0,"parent":0,"menu_order":0,"comment_status":"closed","ping_status":"closed","template":"page-frontpage.php","meta":{"_acf_changed":false,"footnotes":""},"class_list":["post-19832","page","type-page","status-publish","hentry"],"acf":[],"yoast_head":"<!-- This site is optimized with the Yoast SEO plugin v26.6 - https:\/\/yoast.com\/wordpress\/plugins\/seo\/ -->\n<title>DAB+ ass de digitalen Nofolger vum FM.<\/title>\n<meta name=\"description\" content=\"Digital Radio DAB+ bitt m\u00e9i, kl\u00e9ngt besser a ass onofh\u00e4ngeg vum Internet. F\u00ebnnt hei m\u00e9i eraus a wiesselt elo op DAB+.\" \/>\n<meta name=\"robots\" content=\"index, follow, max-snippet:-1, max-image-preview:large, max-video-preview:-1\" \/>\n<link rel=\"canonical\" href=\"https:\/\/dabplus.lu\/lu\/\" \/>\n<meta property=\"og:locale\" content=\"en_US\" \/>\n<meta property=\"og:type\" content=\"article\" \/>\n<meta property=\"og:title\" content=\"DAB+ Luxemburg: Alles zur neuen und digitalen Generation Radio\" \/>\n<meta property=\"og:description\" content=\"Digital Radio DAB+ bitt m\u00e9i, kl\u00e9ngt besser a ass onofh\u00e4ngeg vum Internet. F\u00ebnnt hei m\u00e9i eraus a wiesselt elo op DAB+. Gen\u00e9isst et ze lauschteren!\" \/>\n<meta property=\"og:url\" content=\"https:\/\/dabplus.lu\/lu\/\" \/>\n<meta property=\"og:site_name\" content=\"DAB+ Mehr Radio\" \/>\n<meta property=\"og:image\" content=\"https:\/\/dabplus.lu\/wp-content\/uploads\/2019\/07\/dabplus-logo-01-1024x435.jpg\" \/>\n<meta name=\"twitter:card\" content=\"summary_large_image\" \/>\n<meta name=\"twitter:title\" content=\"DAB+ L\u00ebtzebuerg: Alles wat Dir w\u00ebsse musst iwwer d\u00e9i nei digital Radiogeneratioun\" \/>\n<meta name=\"twitter:description\" content=\"Digital Radio DAB+ bitt m\u00e9i, kl\u00e9ngt besser a ass onofh\u00e4ngeg vum Internet. F\u00ebnnt hei m\u00e9i eraus a wiesselt op DAB+. Gen\u00e9isst d&#039;Nolauschteren!\" \/>\n<meta name=\"twitter:image\" content=\"https:\/\/dabplus.lu\/wp-content\/uploads\/2019\/07\/dabplus-logo-01-1024x435.jpg\" \/>\n<script type=\"application\/ld+json\" class=\"yoast-schema-graph\">{\"@context\":\"https:\/\/schema.org\",\"@graph\":[{\"@type\":\"WebPage\",\"@id\":\"https:\/\/dabplus.lu\/lu\/\",\"url\":\"https:\/\/dabplus.lu\/lu\/\",\"name\":\"DAB+ ass de digitalen Nofolger vum FM.\",\"isPartOf\":{\"@id\":\"https:\/\/dabplus.lu\/lu\/#website\"},\"datePublished\":\"2018-04-16T08:27:59+00:00\",\"description\":\"Digital Radio DAB+ bitt m\u00e9i, kl\u00e9ngt besser a ass onofh\u00e4ngeg vum Internet. F\u00ebnnt hei m\u00e9i eraus a wiesselt elo op DAB+.\",\"breadcrumb\":{\"@id\":\"https:\/\/dabplus.lu\/lu\/#breadcrumb\"},\"inLanguage\":\"lu-LU\",\"potentialAction\":[{\"@type\":\"ReadAction\",\"target\":[\"https:\/\/dabplus.lu\/lu\/\"]}]},{\"@type\":\"BreadcrumbList\",\"@id\":\"https:\/\/dabplus.lu\/lu\/#breadcrumb\",\"itemListElement\":[{\"@type\":\"ListItem\",\"position\":1,\"name\":\"Home\",\"item\":\"https:\/\/dabplus.lu\/lu\/haaptseit-virseite\/\"},{\"@type\":\"ListItem\",\"position\":2,\"name\":\"Haaptseit\/Virseite\"}]},{\"@type\":\"WebSite\",\"@id\":\"https:\/\/dabplus.lu\/lu\/#website\",\"url\":\"https:\/\/dabplus.lu\/lu\/\",\"name\":\"DAB+ Mehr Radio\",\"description\":\"\",\"potentialAction\":[{\"@type\":\"SearchAction\",\"target\":{\"@type\":\"EntryPoint\",\"urlTemplate\":\"https:\/\/dabplus.lu\/lu\/?s={search_term_string}\"},\"query-input\":{\"@type\":\"PropertyValueSpecification\",\"valueRequired\":true,\"valueName\":\"search_term_string\"}}],\"inLanguage\":\"lu-LU\"}]}<\/script>\n<!-- \/ Yoast SEO plugin. -->","yoast_head_json":{"title":"DAB+ ass de digitalen Nofolger vum FM.","description":"Digital Radio DAB+ bitt m\u00e9i, kl\u00e9ngt besser a ass onofh\u00e4ngeg vum Internet. F\u00ebnnt hei m\u00e9i eraus a wiesselt elo op DAB+.","robots":{"index":"index","follow":"follow","max-snippet":"max-snippet:-1","max-image-preview":"max-image-preview:large","max-video-preview":"max-video-preview:-1"},"canonical":"https:\/\/dabplus.lu\/lu\/","og_locale":"en_US","og_type":"article","og_title":"DAB+ Luxemburg: Alles zur neuen und digitalen Generation Radio","og_description":"Digital Radio DAB+ bitt m\u00e9i, kl\u00e9ngt besser a ass onofh\u00e4ngeg vum Internet. F\u00ebnnt hei m\u00e9i eraus a wiesselt elo op DAB+. Gen\u00e9isst et ze lauschteren!","og_url":"https:\/\/dabplus.lu\/lu\/","og_site_name":"DAB+ Mehr Radio","og_image":[{"url":"https:\/\/dabplus.lu\/wp-content\/uploads\/2019\/07\/dabplus-logo-01-1024x435.jpg","type":"","width":"","height":""}],"twitter_card":"summary_large_image","twitter_title":"DAB+ L\u00ebtzebuerg: Alles wat Dir w\u00ebsse musst iwwer d\u00e9i nei digital Radiogeneratioun","twitter_description":"Digital Radio DAB+ bitt m\u00e9i, kl\u00e9ngt besser a ass onofh\u00e4ngeg vum Internet. F\u00ebnnt hei m\u00e9i eraus a wiesselt op DAB+. Gen\u00e9isst d'Nolauschteren!","twitter_image":"https:\/\/dabplus.lu\/wp-content\/uploads\/2019\/07\/dabplus-logo-01-1024x435.jpg","schema":{"@context":"https:\/\/schema.org","@graph":[{"@type":"WebPage","@id":"https:\/\/dabplus.lu\/lu\/","url":"https:\/\/dabplus.lu\/lu\/","name":"DAB+ ass de digitalen Nofolger vum FM.","isPartOf":{"@id":"https:\/\/dabplus.lu\/lu\/#website"},"datePublished":"2018-04-16T08:27:59+00:00","description":"Digital Radio DAB+ bitt m\u00e9i, kl\u00e9ngt besser a ass onofh\u00e4ngeg vum Internet. F\u00ebnnt hei m\u00e9i eraus a wiesselt elo op DAB+.","breadcrumb":{"@id":"https:\/\/dabplus.lu\/lu\/#breadcrumb"},"inLanguage":"lu-LU","potentialAction":[{"@type":"ReadAction","target":["https:\/\/dabplus.lu\/lu\/"]}]},{"@type":"BreadcrumbList","@id":"https:\/\/dabplus.lu\/lu\/#breadcrumb","itemListElement":[{"@type":"ListItem","position":1,"name":"Home","item":"https:\/\/dabplus.lu\/lu\/haaptseit-virseite\/"},{"@type":"ListItem","position":2,"name":"Haaptseit\/Virseite"}]},{"@type":"WebSite","@id":"https:\/\/dabplus.lu\/lu\/#website","url":"https:\/\/dabplus.lu\/lu\/","name":"DAB+ Mehr Radio","description":"","potentialAction":[{"@type":"SearchAction","target":{"@type":"EntryPoint","urlTemplate":"https:\/\/dabplus.lu\/lu\/?s={search_term_string}"},"query-input":{"@type":"PropertyValueSpecification","valueRequired":true,"valueName":"search_term_string"}}],"inLanguage":"lu-LU"}]}},"_links":{"self":[{"href":"https:\/\/dabplus.lu\/lu\/wp-json\/wp\/v2\/pages\/19832","targetHints":{"allow":["GET"]}}],"collection":[{"href":"https:\/\/dabplus.lu\/lu\/wp-json\/wp\/v2\/pages"}],"about":[{"href":"https:\/\/dabplus.lu\/lu\/wp-json\/wp\/v2\/types\/page"}],"author":[{"embeddable":true,"href":"https:\/\/dabplus.lu\/lu\/wp-json\/wp\/v2\/users\/1"}],"replies":[{"embeddable":true,"href":"https:\/\/dabplus.lu\/lu\/wp-json\/wp\/v2\/comments?post=19832"}],"version-history":[{"count":0,"href":"https:\/\/dabplus.lu\/lu\/wp-json\/wp\/v2\/pages\/19832\/revisions"}],"wp:attachment":[{"href":"https:\/\/dabplus.lu\/lu\/wp-json\/wp\/v2\/media?parent=19832"}],"curies":[{"name":"wp","href":"https:\/\/api.w.org\/{rel}","templated":true}]}}